{"id":3,"date":"2025-04-25T15:56:28","date_gmt":"2025-04-25T13:56:28","guid":{"rendered":"http:\/\/lagranderoche53.fr\/?page_id=3"},"modified":"2025-06-11T21:51:31","modified_gmt":"2025-06-11T19:51:31","slug":"politique-de-confidentialite","status":"publish","type":"page","link":"https:\/\/lagranderoche53.fr\/index.php\/politique-de-confidentialite\/","title":{"rendered":"Politique de confidentialit\u00e9"},"content":{"rendered":"\t\t<div data-elementor-type=\"wp-page\" data-elementor-id=\"3\" class=\"elementor elementor-3\">\n\t\t\t\t<div class=\"elementor-element elementor-element-325e4f0 e-flex e-con-boxed wpr-particle-no wpr-jarallax-no wpr-parallax-no wpr-sticky-section-no e-con e-parent\" data-id=\"325e4f0\" data-element_type=\"container\" data-e-type=\"container\" data-settings=\"{&quot;background_background&quot;:&quot;classic&quot;}\">\n\t\t\t\t\t<div class=\"e-con-inner\">\n\t\t\t\t<div class=\"elementor-element elementor-element-e5e4f28 elementor-widget elementor-widget-image\" data-id=\"e5e4f28\" data-element_type=\"widget\" data-e-type=\"widget\" data-widget_type=\"image.default\">\n\t\t\t\t<div class=\"elementor-widget-container\">\n\t\t\t\t\t\t\t\t\t\t\t\t\t\t\t\t<a href=\"https:\/\/lagranderoche53.fr\">\n\t\t\t\t\t\t\t<img fetchpriority=\"high\" decoding=\"async\" width=\"800\" height=\"539\" src=\"https:\/\/lagranderoche53.fr\/wp-content\/uploads\/2025\/05\/logo-08-1024x690.png\" class=\"attachment-large size-large wp-image-181\" alt=\"\" srcset=\"https:\/\/lagranderoche53.fr\/wp-content\/uploads\/2025\/05\/logo-08-1024x690.png 1024w, https:\/\/lagranderoche53.fr\/wp-content\/uploads\/2025\/05\/logo-08-300x202.png 300w, https:\/\/lagranderoche53.fr\/wp-content\/uploads\/2025\/05\/logo-08-768x517.png 768w, https:\/\/lagranderoche53.fr\/wp-content\/uploads\/2025\/05\/logo-08-1536x1035.png 1536w, https:\/\/lagranderoche53.fr\/wp-content\/uploads\/2025\/05\/logo-08-2048x1380.png 2048w\" sizes=\"(max-width: 800px) 100vw, 800px\" \/>\t\t\t\t\t\t\t\t<\/a>\n\t\t\t\t\t\t\t\t\t\t\t\t\t\t\t<\/div>\n\t\t\t\t<\/div>\n\t\t\t\t<div class=\"elementor-element elementor-element-b8e6392 elementor-widget__width-auto elementor-widget elementor-widget-button\" data-id=\"b8e6392\" data-element_type=\"widget\" data-e-type=\"widget\" data-widget_type=\"button.default\">\n\t\t\t\t<div class=\"elementor-widget-container\">\n\t\t\t\t\t\t\t\t\t<div class=\"elementor-button-wrapper\">\n\t\t\t\t\t<a class=\"elementor-button elementor-button-link elementor-size-sm\" href=\"https:\/\/lagranderoche53.fr\/\">\n\t\t\t\t\t\t<span class=\"elementor-button-content-wrapper\">\n\t\t\t\t\t\t\t\t\t<span class=\"elementor-button-text\">Retour \u00e0 l'accueil <\/span>\n\t\t\t\t\t<\/span>\n\t\t\t\t\t<\/a>\n\t\t\t\t<\/div>\n\t\t\t\t\t\t\t\t<\/div>\n\t\t\t\t<\/div>\n\t\t\t\t\t<\/div>\n\t\t\t\t<\/div>\n\t\t<div class=\"elementor-element elementor-element-687985d0 e-flex e-con-boxed wpr-particle-no wpr-jarallax-no wpr-parallax-no wpr-sticky-section-no e-con e-parent\" data-id=\"687985d0\" data-element_type=\"container\" data-e-type=\"container\">\n\t\t\t\t\t<div class=\"e-con-inner\">\n\t\t\t\t<div class=\"elementor-element elementor-element-512cae9f elementor-widget elementor-widget-text-editor\" data-id=\"512cae9f\" data-element_type=\"widget\" data-e-type=\"widget\" data-widget_type=\"text-editor.default\">\n\t\t\t\t<div class=\"elementor-widget-container\">\n\t\t\t\t\t\t\t\t\t<p><\/p>\n<h2 class=\"wp-block-heading\" data-start=\"1550\" data-end=\"1582\">Politique de confidentialit\u00e9<\/h2>\n<p data-start=\"1584\" data-end=\"1603\"><strong data-start=\"1584\" data-end=\"1603\">1. Introduction<\/strong><\/p>\n<p data-start=\"1605\" data-end=\"1858\">Le site <em data-start=\"1613\" data-end=\"1657\">La Grande Roche &#8211; Habitat familial partag\u00e9<\/em> (lagranderoche53.fr) attache une grande importance \u00e0 la protection de votre vie priv\u00e9e. Cette page a pour objectif de vous informer en toute transparence sur l&rsquo;utilisation de vos donn\u00e9es personnelles.<\/p>\n<p data-start=\"1860\" data-end=\"1898\"><strong data-start=\"1860\" data-end=\"1898\">2. Donn\u00e9es personnelles collect\u00e9es<\/strong><\/p>\n<p data-start=\"1900\" data-end=\"1969\">Nous ne collectons aucune donn\u00e9e personnelle directement sur ce site.<\/p>\n<p data-start=\"1971\" data-end=\"2065\">Le site ne propose pas de formulaire de contact, de cr\u00e9ation de compte, ni d&rsquo;espace personnel.<\/p>\n<p data-start=\"2067\" data-end=\"2102\"><strong data-start=\"2067\" data-end=\"2102\">3. Cookies et mesure d\u2019audience<\/strong><\/p>\n<p data-start=\"2104\" data-end=\"2294\">Le site utilise des cookies de mesure d\u2019audience via Google Analytics.<br data-start=\"2174\" data-end=\"2177\" \/>Ces cookies nous permettent de conna\u00eetre l\u2019audience et la fr\u00e9quentation de notre site afin d\u2019en am\u00e9liorer le contenu.<\/p>\n<p data-start=\"2296\" data-end=\"2534\">Les donn\u00e9es collect\u00e9es sont anonymis\u00e9es dans la mesure du possible et ne permettent pas de vous identifier personnellement.<br data-start=\"2419\" data-end=\"2422\" \/>Vous pouvez refuser l\u2019enregistrement de ces cookies via le bandeau de consentement affich\u00e9 lors de votre visite.<\/p>\n<p data-start=\"2536\" data-end=\"2568\"><strong data-start=\"2536\" data-end=\"2568\">4. Destinataires des donn\u00e9es<\/strong><\/p>\n<p data-start=\"2570\" data-end=\"2751\">Les donn\u00e9es de navigation sont transmises \u00e0 Google Analytics, prestataire de service d&rsquo;analyse d\u2019audience. Aucune donn\u00e9e personnelle n\u2019est c\u00e9d\u00e9e \u00e0 des tiers \u00e0 des fins commerciales.<\/p>\n<p data-start=\"2753\" data-end=\"2770\"><strong data-start=\"2753\" data-end=\"2770\">5. Vos droits<\/strong><\/p>\n<p data-start=\"2772\" data-end=\"3002\">Conform\u00e9ment au R\u00e8glement G\u00e9n\u00e9ral sur la Protection des Donn\u00e9es (RGPD), vous pouvez exercer vos droits d&rsquo;acc\u00e8s, de rectification, d&rsquo;opposition ou de suppression des donn\u00e9es vous concernant en nous contactant \u00e0 l\u2019adresse suivante :<\/p>\n<p data-start=\"3004\" data-end=\"3114\">La Grande Roche \u2014 1001 La Grande Roche \u2014 53260 Entrammes<br data-start=\"3065\" data-end=\"3068\" \/>Email : bienvenue@lagranderoche53.fr<\/p>\n<p data-start=\"3116\" data-end=\"3130\"><strong data-start=\"3116\" data-end=\"3130\">6. Contact<\/strong><\/p>\n<p data-start=\"3132\" data-end=\"3263\">Pour toute question relative \u00e0 la protection de vos donn\u00e9es personnelles, vous pouvez nous \u00e9crire \u00e0 l\u2019adresse mentionn\u00e9e ci-dessus.<\/p>\n<p><\/p>\t\t\t\t\t\t\t\t<\/div>\n\t\t\t\t<\/div>\n\t\t\t\t\t<\/div>\n\t\t\t\t<\/div>\n\t\t\t\t<\/div>\n\t\t","protected":false},"excerpt":{"rendered":"<p>Retour \u00e0 l&rsquo;accueil Politique de confidentialit\u00e9 1. Introduction Le site La Grande Roche &#8211; Habitat familial partag\u00e9 (lagranderoche53.fr) attache une grande importance \u00e0 la protection de votre vie priv\u00e9e. Cette page a pour objectif de vous informer en toute transparence sur l&rsquo;utilisation de vos donn\u00e9es personnelles. 2. Donn\u00e9es personnelles collect\u00e9es Nous ne collectons aucune donn\u00e9e personnelle directement sur ce site. Le site ne propose pas de formulaire de contact, de cr\u00e9ation de compte, ni d&rsquo;espace personnel. 3. Cookies et mesure d\u2019audience Le site utilise des cookies de mesure d\u2019audience via Google Analytics.Ces cookies nous permettent de conna\u00eetre l\u2019audience et la fr\u00e9quentation de notre site afin d\u2019en am\u00e9liorer le contenu. Les donn\u00e9es collect\u00e9es sont anonymis\u00e9es dans la mesure du possible et ne permettent pas de vous identifier personnellement.Vous pouvez refuser l\u2019enregistrement de ces cookies via le bandeau de consentement affich\u00e9 lors de votre visite. 4. Destinataires des donn\u00e9es Les donn\u00e9es de navigation sont transmises \u00e0 Google Analytics, prestataire de service d&rsquo;analyse d\u2019audience. Aucune donn\u00e9e personnelle n\u2019est c\u00e9d\u00e9e \u00e0 des tiers \u00e0 des fins commerciales. 5. Vos droits Conform\u00e9ment au R\u00e8glement G\u00e9n\u00e9ral sur la Protection des Donn\u00e9es (RGPD), vous pouvez exercer vos droits d&rsquo;acc\u00e8s, de rectification, d&rsquo;opposition ou de suppression des donn\u00e9es vous concernant en nous contactant \u00e0 l\u2019adresse suivante : La Grande Roche \u2014 1001 La Grande Roche \u2014 53260 EntrammesEmail : bienvenue@lagranderoche53.fr 6. Contact Pour toute question relative \u00e0 la protection de vos donn\u00e9es personnelles, vous pouvez nous \u00e9crire \u00e0 l\u2019adresse mentionn\u00e9e ci-dessus.<\/p>\n","protected":false},"author":1,"featured_media":0,"parent":0,"menu_order":0,"comment_status":"closed","ping_status":"open","template":"elementor_canvas","meta":{"footnotes":""},"class_list":["post-3","page","type-page","status-publish","hentry"],"yoast_head":"<!-- This site is optimized with the Yoast SEO plugin v27.2 - https:\/\/yoast.com\/product\/yoast-seo-wordpress\/ -->\n<title>Politique de confidentialit\u00e9 - La Grande Roche<\/title>\n<meta name=\"robots\" content=\"index, follow, max-snippet:-1, max-image-preview:large, max-video-preview:-1\" \/>\n<link rel=\"canonical\" href=\"https:\/\/lagranderoche53.fr\/index.php\/politique-de-confidentialite\/\" \/>\n<meta property=\"og:locale\" content=\"fr_FR\" \/>\n<meta property=\"og:type\" content=\"article\" \/>\n<meta property=\"og:title\" content=\"Politique de confidentialit\u00e9 - La Grande Roche\" \/>\n<meta property=\"og:description\" content=\"Retour \u00e0 l&rsquo;accueil Politique de confidentialit\u00e9 1. Introduction Le site La Grande Roche &#8211; Habitat familial partag\u00e9 (lagranderoche53.fr) attache une grande importance \u00e0 la protection de votre vie priv\u00e9e. Cette page a pour objectif de vous informer en toute transparence sur l&rsquo;utilisation de vos donn\u00e9es personnelles. 2. Donn\u00e9es personnelles collect\u00e9es Nous ne collectons aucune donn\u00e9e personnelle directement sur ce site. Le site ne propose pas de formulaire de contact, de cr\u00e9ation de compte, ni d&rsquo;espace personnel. 3. Cookies et mesure d\u2019audience Le site utilise des cookies de mesure d\u2019audience via Google Analytics.Ces cookies nous permettent de conna\u00eetre l\u2019audience et la fr\u00e9quentation de notre site afin d\u2019en am\u00e9liorer le contenu. Les donn\u00e9es collect\u00e9es sont anonymis\u00e9es dans la mesure du possible et ne permettent pas de vous identifier personnellement.Vous pouvez refuser l\u2019enregistrement de ces cookies via le bandeau de consentement affich\u00e9 lors de votre visite. 4. Destinataires des donn\u00e9es Les donn\u00e9es de navigation sont transmises \u00e0 Google Analytics, prestataire de service d&rsquo;analyse d\u2019audience. Aucune donn\u00e9e personnelle n\u2019est c\u00e9d\u00e9e \u00e0 des tiers \u00e0 des fins commerciales. 5. Vos droits Conform\u00e9ment au R\u00e8glement G\u00e9n\u00e9ral sur la Protection des Donn\u00e9es (RGPD), vous pouvez exercer vos droits d&rsquo;acc\u00e8s, de rectification, d&rsquo;opposition ou de suppression des donn\u00e9es vous concernant en nous contactant \u00e0 l\u2019adresse suivante : La Grande Roche \u2014 1001 La Grande Roche \u2014 53260 EntrammesEmail : bienvenue@lagranderoche53.fr 6. Contact Pour toute question relative \u00e0 la protection de vos donn\u00e9es personnelles, vous pouvez nous \u00e9crire \u00e0 l\u2019adresse mentionn\u00e9e ci-dessus.\" \/>\n<meta property=\"og:url\" content=\"https:\/\/lagranderoche53.fr\/index.php\/politique-de-confidentialite\/\" \/>\n<meta property=\"og:site_name\" content=\"La Grande Roche\" \/>\n<meta property=\"article:modified_time\" content=\"2025-06-11T19:51:31+00:00\" \/>\n<meta property=\"og:image\" content=\"https:\/\/lagranderoche53.fr\/wp-content\/uploads\/2025\/05\/logo-08.png\" \/>\n\t<meta property=\"og:image:width\" content=\"2207\" \/>\n\t<meta property=\"og:image:height\" content=\"1487\" \/>\n\t<meta property=\"og:image:type\" content=\"image\/png\" \/>\n<meta name=\"twitter:card\" content=\"summary_large_image\" \/>\n<meta name=\"twitter:label1\" content=\"Dur\u00e9e de lecture estim\u00e9e\" \/>\n\t<meta name=\"twitter:data1\" content=\"2 minutes\" \/>\n<script type=\"application\/ld+json\" class=\"yoast-schema-graph\">{\"@context\":\"https:\/\/schema.org\",\"@graph\":[{\"@type\":\"WebPage\",\"@id\":\"https:\/\/lagranderoche53.fr\/index.php\/politique-de-confidentialite\/\",\"url\":\"https:\/\/lagranderoche53.fr\/index.php\/politique-de-confidentialite\/\",\"name\":\"Politique de confidentialit\u00e9 - La Grande Roche\",\"isPartOf\":{\"@id\":\"https:\/\/lagranderoche53.fr\/#website\"},\"primaryImageOfPage\":{\"@id\":\"https:\/\/lagranderoche53.fr\/index.php\/politique-de-confidentialite\/#primaryimage\"},\"image\":{\"@id\":\"https:\/\/lagranderoche53.fr\/index.php\/politique-de-confidentialite\/#primaryimage\"},\"thumbnailUrl\":\"https:\/\/lagranderoche53.fr\/wp-content\/uploads\/2025\/05\/logo-08-1024x690.png\",\"datePublished\":\"2025-04-25T13:56:28+00:00\",\"dateModified\":\"2025-06-11T19:51:31+00:00\",\"breadcrumb\":{\"@id\":\"https:\/\/lagranderoche53.fr\/index.php\/politique-de-confidentialite\/#breadcrumb\"},\"inLanguage\":\"fr-FR\",\"potentialAction\":[{\"@type\":\"ReadAction\",\"target\":[\"https:\/\/lagranderoche53.fr\/index.php\/politique-de-confidentialite\/\"]}]},{\"@type\":\"ImageObject\",\"inLanguage\":\"fr-FR\",\"@id\":\"https:\/\/lagranderoche53.fr\/index.php\/politique-de-confidentialite\/#primaryimage\",\"url\":\"https:\/\/lagranderoche53.fr\/wp-content\/uploads\/2025\/05\/logo-08.png\",\"contentUrl\":\"https:\/\/lagranderoche53.fr\/wp-content\/uploads\/2025\/05\/logo-08.png\",\"width\":2207,\"height\":1487},{\"@type\":\"BreadcrumbList\",\"@id\":\"https:\/\/lagranderoche53.fr\/index.php\/politique-de-confidentialite\/#breadcrumb\",\"itemListElement\":[{\"@type\":\"ListItem\",\"position\":1,\"name\":\"Accueil\",\"item\":\"https:\/\/lagranderoche53.fr\/\"},{\"@type\":\"ListItem\",\"position\":2,\"name\":\"Politique de confidentialit\u00e9\"}]},{\"@type\":\"WebSite\",\"@id\":\"https:\/\/lagranderoche53.fr\/#website\",\"url\":\"https:\/\/lagranderoche53.fr\/\",\"name\":\"La Grande Roche\",\"description\":\"Maison familiale partag\u00e9e\",\"publisher\":{\"@id\":\"https:\/\/lagranderoche53.fr\/#organization\"},\"alternateName\":\"La Grande Roche\",\"potentialAction\":[{\"@type\":\"SearchAction\",\"target\":{\"@type\":\"EntryPoint\",\"urlTemplate\":\"https:\/\/lagranderoche53.fr\/?s={search_term_string}\"},\"query-input\":{\"@type\":\"PropertyValueSpecification\",\"valueRequired\":true,\"valueName\":\"search_term_string\"}}],\"inLanguage\":\"fr-FR\"},{\"@type\":\"Organization\",\"@id\":\"https:\/\/lagranderoche53.fr\/#organization\",\"name\":\"Une maison familiale partag\u00e9e\",\"url\":\"https:\/\/lagranderoche53.fr\/\",\"logo\":{\"@type\":\"ImageObject\",\"inLanguage\":\"fr-FR\",\"@id\":\"https:\/\/lagranderoche53.fr\/#\/schema\/logo\/image\/\",\"url\":\"https:\/\/lagranderoche53.fr\/wp-content\/uploads\/2025\/05\/logo-07.png\",\"contentUrl\":\"https:\/\/lagranderoche53.fr\/wp-content\/uploads\/2025\/05\/logo-07.png\",\"width\":2207,\"height\":1487,\"caption\":\"Une maison familiale partag\u00e9e\"},\"image\":{\"@id\":\"https:\/\/lagranderoche53.fr\/#\/schema\/logo\/image\/\"}}]}<\/script>\n<!-- \/ Yoast SEO plugin. -->","yoast_head_json":{"title":"Politique de confidentialit\u00e9 - La Grande Roche","robots":{"index":"index","follow":"follow","max-snippet":"max-snippet:-1","max-image-preview":"max-image-preview:large","max-video-preview":"max-video-preview:-1"},"canonical":"https:\/\/lagranderoche53.fr\/index.php\/politique-de-confidentialite\/","og_locale":"fr_FR","og_type":"article","og_title":"Politique de confidentialit\u00e9 - La Grande Roche","og_description":"Retour \u00e0 l&rsquo;accueil Politique de confidentialit\u00e9 1. Introduction Le site La Grande Roche &#8211; Habitat familial partag\u00e9 (lagranderoche53.fr) attache une grande importance \u00e0 la protection de votre vie priv\u00e9e. Cette page a pour objectif de vous informer en toute transparence sur l&rsquo;utilisation de vos donn\u00e9es personnelles. 2. Donn\u00e9es personnelles collect\u00e9es Nous ne collectons aucune donn\u00e9e personnelle directement sur ce site. Le site ne propose pas de formulaire de contact, de cr\u00e9ation de compte, ni d&rsquo;espace personnel. 3. Cookies et mesure d\u2019audience Le site utilise des cookies de mesure d\u2019audience via Google Analytics.Ces cookies nous permettent de conna\u00eetre l\u2019audience et la fr\u00e9quentation de notre site afin d\u2019en am\u00e9liorer le contenu. Les donn\u00e9es collect\u00e9es sont anonymis\u00e9es dans la mesure du possible et ne permettent pas de vous identifier personnellement.Vous pouvez refuser l\u2019enregistrement de ces cookies via le bandeau de consentement affich\u00e9 lors de votre visite. 4. Destinataires des donn\u00e9es Les donn\u00e9es de navigation sont transmises \u00e0 Google Analytics, prestataire de service d&rsquo;analyse d\u2019audience. Aucune donn\u00e9e personnelle n\u2019est c\u00e9d\u00e9e \u00e0 des tiers \u00e0 des fins commerciales. 5. Vos droits Conform\u00e9ment au R\u00e8glement G\u00e9n\u00e9ral sur la Protection des Donn\u00e9es (RGPD), vous pouvez exercer vos droits d&rsquo;acc\u00e8s, de rectification, d&rsquo;opposition ou de suppression des donn\u00e9es vous concernant en nous contactant \u00e0 l\u2019adresse suivante : La Grande Roche \u2014 1001 La Grande Roche \u2014 53260 EntrammesEmail : bienvenue@lagranderoche53.fr 6. Contact Pour toute question relative \u00e0 la protection de vos donn\u00e9es personnelles, vous pouvez nous \u00e9crire \u00e0 l\u2019adresse mentionn\u00e9e ci-dessus.","og_url":"https:\/\/lagranderoche53.fr\/index.php\/politique-de-confidentialite\/","og_site_name":"La Grande Roche","article_modified_time":"2025-06-11T19:51:31+00:00","og_image":[{"width":2207,"height":1487,"url":"https:\/\/lagranderoche53.fr\/wp-content\/uploads\/2025\/05\/logo-08.png","type":"image\/png"}],"twitter_card":"summary_large_image","twitter_misc":{"Dur\u00e9e de lecture estim\u00e9e":"2 minutes"},"schema":{"@context":"https:\/\/schema.org","@graph":[{"@type":"WebPage","@id":"https:\/\/lagranderoche53.fr\/index.php\/politique-de-confidentialite\/","url":"https:\/\/lagranderoche53.fr\/index.php\/politique-de-confidentialite\/","name":"Politique de confidentialit\u00e9 - La Grande Roche","isPartOf":{"@id":"https:\/\/lagranderoche53.fr\/#website"},"primaryImageOfPage":{"@id":"https:\/\/lagranderoche53.fr\/index.php\/politique-de-confidentialite\/#primaryimage"},"image":{"@id":"https:\/\/lagranderoche53.fr\/index.php\/politique-de-confidentialite\/#primaryimage"},"thumbnailUrl":"https:\/\/lagranderoche53.fr\/wp-content\/uploads\/2025\/05\/logo-08-1024x690.png","datePublished":"2025-04-25T13:56:28+00:00","dateModified":"2025-06-11T19:51:31+00:00","breadcrumb":{"@id":"https:\/\/lagranderoche53.fr\/index.php\/politique-de-confidentialite\/#breadcrumb"},"inLanguage":"fr-FR","potentialAction":[{"@type":"ReadAction","target":["https:\/\/lagranderoche53.fr\/index.php\/politique-de-confidentialite\/"]}]},{"@type":"ImageObject","inLanguage":"fr-FR","@id":"https:\/\/lagranderoche53.fr\/index.php\/politique-de-confidentialite\/#primaryimage","url":"https:\/\/lagranderoche53.fr\/wp-content\/uploads\/2025\/05\/logo-08.png","contentUrl":"https:\/\/lagranderoche53.fr\/wp-content\/uploads\/2025\/05\/logo-08.png","width":2207,"height":1487},{"@type":"BreadcrumbList","@id":"https:\/\/lagranderoche53.fr\/index.php\/politique-de-confidentialite\/#breadcrumb","itemListElement":[{"@type":"ListItem","position":1,"name":"Accueil","item":"https:\/\/lagranderoche53.fr\/"},{"@type":"ListItem","position":2,"name":"Politique de confidentialit\u00e9"}]},{"@type":"WebSite","@id":"https:\/\/lagranderoche53.fr\/#website","url":"https:\/\/lagranderoche53.fr\/","name":"La Grande Roche","description":"Maison familiale partag\u00e9e","publisher":{"@id":"https:\/\/lagranderoche53.fr\/#organization"},"alternateName":"La Grande Roche","potentialAction":[{"@type":"SearchAction","target":{"@type":"EntryPoint","urlTemplate":"https:\/\/lagranderoche53.fr\/?s={search_term_string}"},"query-input":{"@type":"PropertyValueSpecification","valueRequired":true,"valueName":"search_term_string"}}],"inLanguage":"fr-FR"},{"@type":"Organization","@id":"https:\/\/lagranderoche53.fr\/#organization","name":"Une maison familiale partag\u00e9e","url":"https:\/\/lagranderoche53.fr\/","logo":{"@type":"ImageObject","inLanguage":"fr-FR","@id":"https:\/\/lagranderoche53.fr\/#\/schema\/logo\/image\/","url":"https:\/\/lagranderoche53.fr\/wp-content\/uploads\/2025\/05\/logo-07.png","contentUrl":"https:\/\/lagranderoche53.fr\/wp-content\/uploads\/2025\/05\/logo-07.png","width":2207,"height":1487,"caption":"Une maison familiale partag\u00e9e"},"image":{"@id":"https:\/\/lagranderoche53.fr\/#\/schema\/logo\/image\/"}}]}},"_links":{"self":[{"href":"https:\/\/lagranderoche53.fr\/index.php\/wp-json\/wp\/v2\/pages\/3","targetHints":{"allow":["GET"]}}],"collection":[{"href":"https:\/\/lagranderoche53.fr\/index.php\/wp-json\/wp\/v2\/pages"}],"about":[{"href":"https:\/\/lagranderoche53.fr\/index.php\/wp-json\/wp\/v2\/types\/page"}],"author":[{"embeddable":true,"href":"https:\/\/lagranderoche53.fr\/index.php\/wp-json\/wp\/v2\/users\/1"}],"replies":[{"embeddable":true,"href":"https:\/\/lagranderoche53.fr\/index.php\/wp-json\/wp\/v2\/comments?post=3"}],"version-history":[{"count":15,"href":"https:\/\/lagranderoche53.fr\/index.php\/wp-json\/wp\/v2\/pages\/3\/revisions"}],"predecessor-version":[{"id":270,"href":"https:\/\/lagranderoche53.fr\/index.php\/wp-json\/wp\/v2\/pages\/3\/revisions\/270"}],"wp:attachment":[{"href":"https:\/\/lagranderoche53.fr\/index.php\/wp-json\/wp\/v2\/media?parent=3"}],"curies":[{"name":"wp","href":"https:\/\/api.w.org\/{rel}","templated":true}]}}