{"id":211,"date":"2025-06-04T22:23:34","date_gmt":"2025-06-04T20:23:34","guid":{"rendered":"https:\/\/lagranderoche53.fr\/?page_id=211"},"modified":"2025-06-11T21:39:37","modified_gmt":"2025-06-11T19:39:37","slug":"mention-legales","status":"publish","type":"page","link":"https:\/\/lagranderoche53.fr\/index.php\/mention-legales\/","title":{"rendered":"Mention L\u00e9gales"},"content":{"rendered":"\t\t<div data-elementor-type=\"wp-page\" data-elementor-id=\"211\" class=\"elementor elementor-211\">\n\t\t\t\t<div class=\"elementor-element elementor-element-325e4f0 e-flex e-con-boxed wpr-particle-no wpr-jarallax-no wpr-parallax-no wpr-sticky-section-no e-con e-parent\" data-id=\"325e4f0\" data-element_type=\"container\" data-e-type=\"container\" data-settings=\"{&quot;background_background&quot;:&quot;classic&quot;}\">\n\t\t\t\t\t<div class=\"e-con-inner\">\n\t\t\t\t<div class=\"elementor-element elementor-element-e5e4f28 elementor-widget elementor-widget-image\" data-id=\"e5e4f28\" data-element_type=\"widget\" data-e-type=\"widget\" data-widget_type=\"image.default\">\n\t\t\t\t<div class=\"elementor-widget-container\">\n\t\t\t\t\t\t\t\t\t\t\t\t\t\t\t\t<a href=\"https:\/\/lagranderoche53.fr\">\n\t\t\t\t\t\t\t<img fetchpriority=\"high\" decoding=\"async\" width=\"800\" height=\"539\" src=\"https:\/\/lagranderoche53.fr\/wp-content\/uploads\/2025\/05\/logo-08-1024x690.png\" class=\"attachment-large size-large wp-image-181\" alt=\"\" srcset=\"https:\/\/lagranderoche53.fr\/wp-content\/uploads\/2025\/05\/logo-08-1024x690.png 1024w, https:\/\/lagranderoche53.fr\/wp-content\/uploads\/2025\/05\/logo-08-300x202.png 300w, https:\/\/lagranderoche53.fr\/wp-content\/uploads\/2025\/05\/logo-08-768x517.png 768w, https:\/\/lagranderoche53.fr\/wp-content\/uploads\/2025\/05\/logo-08-1536x1035.png 1536w, https:\/\/lagranderoche53.fr\/wp-content\/uploads\/2025\/05\/logo-08-2048x1380.png 2048w\" sizes=\"(max-width: 800px) 100vw, 800px\" \/>\t\t\t\t\t\t\t\t<\/a>\n\t\t\t\t\t\t\t\t\t\t\t\t\t\t\t<\/div>\n\t\t\t\t<\/div>\n\t\t\t\t<div class=\"elementor-element elementor-element-b8e6392 elementor-widget__width-auto elementor-widget elementor-widget-button\" data-id=\"b8e6392\" data-element_type=\"widget\" data-e-type=\"widget\" data-widget_type=\"button.default\">\n\t\t\t\t<div class=\"elementor-widget-container\">\n\t\t\t\t\t\t\t\t\t<div class=\"elementor-button-wrapper\">\n\t\t\t\t\t<a class=\"elementor-button elementor-button-link elementor-size-sm\" href=\"https:\/\/lagranderoche53.fr\/\">\n\t\t\t\t\t\t<span class=\"elementor-button-content-wrapper\">\n\t\t\t\t\t\t\t\t\t<span class=\"elementor-button-text\">Retour \u00e0 l'accueil <\/span>\n\t\t\t\t\t<\/span>\n\t\t\t\t\t<\/a>\n\t\t\t\t<\/div>\n\t\t\t\t\t\t\t\t<\/div>\n\t\t\t\t<\/div>\n\t\t\t\t\t<\/div>\n\t\t\t\t<\/div>\n\t\t<div class=\"elementor-element elementor-element-687985d0 e-flex e-con-boxed wpr-particle-no wpr-jarallax-no wpr-parallax-no wpr-sticky-section-no e-con e-parent\" data-id=\"687985d0\" data-element_type=\"container\" data-e-type=\"container\">\n\t\t\t\t\t<div class=\"e-con-inner\">\n\t\t\t\t<div class=\"elementor-element elementor-element-512cae9f elementor-widget elementor-widget-text-editor\" data-id=\"512cae9f\" data-element_type=\"widget\" data-e-type=\"widget\" data-widget_type=\"text-editor.default\">\n\t\t\t\t<div class=\"elementor-widget-container\">\n\t\t\t\t\t\t\t\t\t<p><\/p>\n<h1 class=\"wp-block-heading\">Mentions l\u00e9gales<\/h1>\n<p><\/p>\n<p data-start=\"225\" data-end=\"557\">\n<\/p><h2 data-start=\"204\" data-end=\"224\">\u00c9diteur du site<\/h2>\n<div>\n<p data-start=\"225\" data-end=\"557\">Le pr\u00e9sent site est \u00e9dit\u00e9 par :<br data-start=\"256\" data-end=\"259\"><strong data-start=\"259\" data-end=\"305\">La Grande Roche \u2013 Habitat familial partag\u00e9<\/strong><br data-start=\"305\" data-end=\"308\">SARL au capital de 1000\u20ac<br data-start=\"352\" data-end=\"355\">SIRET : 984 283 267 00016<br data-start=\"380\" data-end=\"383\">Si\u00e8ge social : 1001 La Grande Roche, 53260 Entrammes \u2013 France<br data-start=\"444\" data-end=\"447\">Responsable de la publication : Antoine Soubrier<br data-start=\"495\" data-end=\"498\">Email : bienvenue@lagranderoche53.fr<\/p>\n<h2 data-start=\"559\" data-end=\"573\">H\u00e9bergeur<\/h2>\n<p data-start=\"574\" data-end=\"669\">Le site est h\u00e9berg\u00e9 par :<br data-start=\"599\" data-end=\"602\"><strong data-start=\"602\" data-end=\"609\">OVH<\/strong><br data-start=\"609\" data-end=\"612\">2 rue Kellermann \u2013 59100 Roubaix \u2013 France<br data-start=\"653\" data-end=\"656\"><a data-start=\"656\" data-end=\"667\" rel=\"noopener\" target=\"_new\" class=\"\" href=\"http:\/\/www.ovh.com\">www.ovh.com<\/a><\/p>\n<h2 data-start=\"671\" data-end=\"700\">Propri\u00e9t\u00e9 intellectuelle<\/h2>\n<p data-start=\"701\" data-end=\"1133\">L\u2019ensemble des contenus pr\u00e9sents sur ce site (textes, photographies, logo, etc.) est la propri\u00e9t\u00e9 exclusive de La Grande Roche, sauf mention contraire.<br data-start=\"852\" data-end=\"855\">Toute reproduction, repr\u00e9sentation, diffusion ou utilisation, totale ou partielle, sans autorisation pr\u00e9alable, est strictement interdite.<br data-start=\"993\" data-end=\"996\">Une photographie est utilis\u00e9e avec l\u2019aimable autorisation de :&nbsp;<span data-start=\"1061\" data-end=\"1133\">Pierre-Bernard Fourny, Inventaire du patrimoine des Pays de la Loire<\/span><\/p>\n<h2 data-start=\"1135\" data-end=\"1171\">Donn\u00e9es personnelles et cookies<\/h2>\n<p data-start=\"1172\" data-end=\"1280\">Ce site n\u2019enregistre aucune donn\u00e9e personnelle nominative (pas de formulaire de contact ni d&rsquo;inscription).<\/p>\n<p data-start=\"1282\" data-end=\"1709\">Le site utilise <span data-start=\"1298\" data-end=\"1318\" style=\"\">Google Analytics<\/span> afin de mesurer son audience.<br data-start=\"1348\" data-end=\"1351\">Lors de votre navigation, des <span data-start=\"1381\" data-end=\"1392\" style=\"\">cookies<\/span> peuvent \u00eatre d\u00e9pos\u00e9s sur votre terminal. Ces cookies permettent de recueillir des donn\u00e9es statistiques anonymes sur la fr\u00e9quentation du site.<br data-start=\"1534\" data-end=\"1537\">Conform\u00e9ment \u00e0 la r\u00e9glementation en vigueur, vous pouvez refuser le d\u00e9p\u00f4t de cookies ou les param\u00e9trer via le bandeau de consentement affich\u00e9 lors de votre premi\u00e8re visite.<\/p>\n<h2 data-start=\"1711\" data-end=\"1739\">Droits des utilisateurs<\/h2>\n<p data-start=\"1740\" data-end=\"2079\">Conform\u00e9ment \u00e0 la loi \u00ab Informatique et Libert\u00e9s \u00bb et au R\u00e8glement g\u00e9n\u00e9ral sur la protection des donn\u00e9es (RGPD), vous disposez d\u2019un droit d\u2019acc\u00e8s, de rectification, d\u2019opposition et de suppression des donn\u00e9es vous concernant.<br data-start=\"1964\" data-end=\"1967\">Pour toute demande, vous pouvez contacter le responsable de la publication \u00e0 l\u2019adresse suivante : [\u00e0 compl\u00e9ter].<\/p>\n<h2 data-start=\"2081\" data-end=\"2114\">Limitation de responsabilit\u00e9<\/h2>\n<p data-start=\"2115\" data-end=\"2343\">Les informations publi\u00e9es sur ce site sont fournies \u00e0 titre indicatif et n\u2019ont pas de valeur contractuelle. La Grande Roche ne saurait \u00eatre tenue pour responsable d\u2019\u00e9ventuelles erreurs, omissions ou indisponibilit\u00e9s temporaires.<\/p>\n<\/div>\n<p><\/p>\n<p><\/p>\t\t\t\t\t\t\t\t<\/div>\n\t\t\t\t<\/div>\n\t\t\t\t\t<\/div>\n\t\t\t\t<\/div>\n\t\t\t\t<\/div>\n\t\t","protected":false},"excerpt":{"rendered":"<p>Retour \u00e0 l&rsquo;accueil Mentions l\u00e9gales \u00c9diteur du site Le pr\u00e9sent site est \u00e9dit\u00e9 par :La Grande Roche \u2013 Habitat familial partag\u00e9SARL au capital de 1000\u20acSIRET : 984 283 267 00016Si\u00e8ge social : 1001 La Grande Roche, 53260 Entrammes \u2013 FranceResponsable de la publication : Antoine SoubrierEmail : bienvenue@lagranderoche53.fr H\u00e9bergeur Le site est h\u00e9berg\u00e9 par :OVH2 rue Kellermann \u2013 59100 Roubaix \u2013 Francewww.ovh.com Propri\u00e9t\u00e9 intellectuelle L\u2019ensemble des contenus pr\u00e9sents sur ce site (textes, photographies, logo, etc.) est la propri\u00e9t\u00e9 exclusive de La Grande Roche, sauf mention contraire.Toute reproduction, repr\u00e9sentation, diffusion ou utilisation, totale ou partielle, sans autorisation pr\u00e9alable, est strictement interdite.Une photographie est utilis\u00e9e avec l\u2019aimable autorisation de :&nbsp;Pierre-Bernard Fourny, Inventaire du patrimoine des Pays de la Loire Donn\u00e9es personnelles et cookies Ce site n\u2019enregistre aucune donn\u00e9e personnelle nominative (pas de formulaire de contact ni d&rsquo;inscription). Le site utilise Google Analytics afin de mesurer son audience.Lors de votre navigation, des cookies peuvent \u00eatre d\u00e9pos\u00e9s sur votre terminal. Ces cookies permettent de recueillir des donn\u00e9es statistiques anonymes sur la fr\u00e9quentation du site.Conform\u00e9ment \u00e0 la r\u00e9glementation en vigueur, vous pouvez refuser le d\u00e9p\u00f4t de cookies ou les param\u00e9trer via le bandeau de consentement affich\u00e9 lors de votre premi\u00e8re visite. Droits des utilisateurs Conform\u00e9ment \u00e0 la loi \u00ab Informatique et Libert\u00e9s \u00bb et au R\u00e8glement g\u00e9n\u00e9ral sur la protection des donn\u00e9es (RGPD), vous disposez d\u2019un droit d\u2019acc\u00e8s, de rectification, d\u2019opposition et de suppression des donn\u00e9es vous concernant.Pour toute demande, vous pouvez contacter le responsable de la publication \u00e0 l\u2019adresse suivante : [\u00e0 compl\u00e9ter]. Limitation de responsabilit\u00e9 Les informations publi\u00e9es sur ce site sont fournies \u00e0 titre indicatif et n\u2019ont pas de valeur contractuelle. La Grande Roche ne saurait \u00eatre tenue pour responsable d\u2019\u00e9ventuelles erreurs, omissions ou indisponibilit\u00e9s temporaires.<\/p>\n","protected":false},"author":1,"featured_media":0,"parent":0,"menu_order":0,"comment_status":"closed","ping_status":"closed","template":"elementor_canvas","meta":{"footnotes":""},"class_list":["post-211","page","type-page","status-publish","hentry"],"yoast_head":"<!-- This site is optimized with the Yoast SEO plugin v27.2 - https:\/\/yoast.com\/product\/yoast-seo-wordpress\/ -->\n<title>Mention L\u00e9gales - La Grande Roche<\/title>\n<meta name=\"robots\" content=\"index, follow, max-snippet:-1, max-image-preview:large, max-video-preview:-1\" \/>\n<link rel=\"canonical\" href=\"https:\/\/lagranderoche53.fr\/index.php\/mention-legales\/\" \/>\n<meta property=\"og:locale\" content=\"fr_FR\" \/>\n<meta property=\"og:type\" content=\"article\" \/>\n<meta property=\"og:title\" content=\"Mention L\u00e9gales - La Grande Roche\" \/>\n<meta property=\"og:description\" content=\"Retour \u00e0 l&rsquo;accueil Mentions l\u00e9gales \u00c9diteur du site Le pr\u00e9sent site est \u00e9dit\u00e9 par :La Grande Roche \u2013 Habitat familial partag\u00e9SARL au capital de 1000\u20acSIRET : 984 283 267 00016Si\u00e8ge social : 1001 La Grande Roche, 53260 Entrammes \u2013 FranceResponsable de la publication : Antoine SoubrierEmail : bienvenue@lagranderoche53.fr H\u00e9bergeur Le site est h\u00e9berg\u00e9 par :OVH2 rue Kellermann \u2013 59100 Roubaix \u2013 Francewww.ovh.com Propri\u00e9t\u00e9 intellectuelle L\u2019ensemble des contenus pr\u00e9sents sur ce site (textes, photographies, logo, etc.) est la propri\u00e9t\u00e9 exclusive de La Grande Roche, sauf mention contraire.Toute reproduction, repr\u00e9sentation, diffusion ou utilisation, totale ou partielle, sans autorisation pr\u00e9alable, est strictement interdite.Une photographie est utilis\u00e9e avec l\u2019aimable autorisation de :&nbsp;Pierre-Bernard Fourny, Inventaire du patrimoine des Pays de la Loire Donn\u00e9es personnelles et cookies Ce site n\u2019enregistre aucune donn\u00e9e personnelle nominative (pas de formulaire de contact ni d&rsquo;inscription). Le site utilise Google Analytics afin de mesurer son audience.Lors de votre navigation, des cookies peuvent \u00eatre d\u00e9pos\u00e9s sur votre terminal. Ces cookies permettent de recueillir des donn\u00e9es statistiques anonymes sur la fr\u00e9quentation du site.Conform\u00e9ment \u00e0 la r\u00e9glementation en vigueur, vous pouvez refuser le d\u00e9p\u00f4t de cookies ou les param\u00e9trer via le bandeau de consentement affich\u00e9 lors de votre premi\u00e8re visite. Droits des utilisateurs Conform\u00e9ment \u00e0 la loi \u00ab Informatique et Libert\u00e9s \u00bb et au R\u00e8glement g\u00e9n\u00e9ral sur la protection des donn\u00e9es (RGPD), vous disposez d\u2019un droit d\u2019acc\u00e8s, de rectification, d\u2019opposition et de suppression des donn\u00e9es vous concernant.Pour toute demande, vous pouvez contacter le responsable de la publication \u00e0 l\u2019adresse suivante : [\u00e0 compl\u00e9ter]. Limitation de responsabilit\u00e9 Les informations publi\u00e9es sur ce site sont fournies \u00e0 titre indicatif et n\u2019ont pas de valeur contractuelle. La Grande Roche ne saurait \u00eatre tenue pour responsable d\u2019\u00e9ventuelles erreurs, omissions ou indisponibilit\u00e9s temporaires.\" \/>\n<meta property=\"og:url\" content=\"https:\/\/lagranderoche53.fr\/index.php\/mention-legales\/\" \/>\n<meta property=\"og:site_name\" content=\"La Grande Roche\" \/>\n<meta property=\"article:modified_time\" content=\"2025-06-11T19:39:37+00:00\" \/>\n<meta property=\"og:image\" content=\"https:\/\/lagranderoche53.fr\/wp-content\/uploads\/2025\/05\/logo-08.png\" \/>\n\t<meta property=\"og:image:width\" content=\"2207\" \/>\n\t<meta property=\"og:image:height\" content=\"1487\" \/>\n\t<meta property=\"og:image:type\" content=\"image\/png\" \/>\n<meta name=\"twitter:card\" content=\"summary_large_image\" \/>\n<meta name=\"twitter:label1\" content=\"Dur\u00e9e de lecture estim\u00e9e\" \/>\n\t<meta name=\"twitter:data1\" content=\"2 minutes\" \/>\n<script type=\"application\/ld+json\" class=\"yoast-schema-graph\">{\"@context\":\"https:\/\/schema.org\",\"@graph\":[{\"@type\":\"WebPage\",\"@id\":\"https:\/\/lagranderoche53.fr\/index.php\/mention-legales\/\",\"url\":\"https:\/\/lagranderoche53.fr\/index.php\/mention-legales\/\",\"name\":\"Mention L\u00e9gales - La Grande Roche\",\"isPartOf\":{\"@id\":\"https:\/\/lagranderoche53.fr\/#website\"},\"primaryImageOfPage\":{\"@id\":\"https:\/\/lagranderoche53.fr\/index.php\/mention-legales\/#primaryimage\"},\"image\":{\"@id\":\"https:\/\/lagranderoche53.fr\/index.php\/mention-legales\/#primaryimage\"},\"thumbnailUrl\":\"https:\/\/lagranderoche53.fr\/wp-content\/uploads\/2025\/05\/logo-08-1024x690.png\",\"datePublished\":\"2025-06-04T20:23:34+00:00\",\"dateModified\":\"2025-06-11T19:39:37+00:00\",\"breadcrumb\":{\"@id\":\"https:\/\/lagranderoche53.fr\/index.php\/mention-legales\/#breadcrumb\"},\"inLanguage\":\"fr-FR\",\"potentialAction\":[{\"@type\":\"ReadAction\",\"target\":[\"https:\/\/lagranderoche53.fr\/index.php\/mention-legales\/\"]}]},{\"@type\":\"ImageObject\",\"inLanguage\":\"fr-FR\",\"@id\":\"https:\/\/lagranderoche53.fr\/index.php\/mention-legales\/#primaryimage\",\"url\":\"https:\/\/lagranderoche53.fr\/wp-content\/uploads\/2025\/05\/logo-08.png\",\"contentUrl\":\"https:\/\/lagranderoche53.fr\/wp-content\/uploads\/2025\/05\/logo-08.png\",\"width\":2207,\"height\":1487},{\"@type\":\"BreadcrumbList\",\"@id\":\"https:\/\/lagranderoche53.fr\/index.php\/mention-legales\/#breadcrumb\",\"itemListElement\":[{\"@type\":\"ListItem\",\"position\":1,\"name\":\"Accueil\",\"item\":\"https:\/\/lagranderoche53.fr\/\"},{\"@type\":\"ListItem\",\"position\":2,\"name\":\"Mention L\u00e9gales\"}]},{\"@type\":\"WebSite\",\"@id\":\"https:\/\/lagranderoche53.fr\/#website\",\"url\":\"https:\/\/lagranderoche53.fr\/\",\"name\":\"La Grande Roche\",\"description\":\"Maison familiale partag\u00e9e\",\"publisher\":{\"@id\":\"https:\/\/lagranderoche53.fr\/#organization\"},\"alternateName\":\"La Grande Roche\",\"potentialAction\":[{\"@type\":\"SearchAction\",\"target\":{\"@type\":\"EntryPoint\",\"urlTemplate\":\"https:\/\/lagranderoche53.fr\/?s={search_term_string}\"},\"query-input\":{\"@type\":\"PropertyValueSpecification\",\"valueRequired\":true,\"valueName\":\"search_term_string\"}}],\"inLanguage\":\"fr-FR\"},{\"@type\":\"Organization\",\"@id\":\"https:\/\/lagranderoche53.fr\/#organization\",\"name\":\"Une maison familiale partag\u00e9e\",\"url\":\"https:\/\/lagranderoche53.fr\/\",\"logo\":{\"@type\":\"ImageObject\",\"inLanguage\":\"fr-FR\",\"@id\":\"https:\/\/lagranderoche53.fr\/#\/schema\/logo\/image\/\",\"url\":\"https:\/\/lagranderoche53.fr\/wp-content\/uploads\/2025\/05\/logo-07.png\",\"contentUrl\":\"https:\/\/lagranderoche53.fr\/wp-content\/uploads\/2025\/05\/logo-07.png\",\"width\":2207,\"height\":1487,\"caption\":\"Une maison familiale partag\u00e9e\"},\"image\":{\"@id\":\"https:\/\/lagranderoche53.fr\/#\/schema\/logo\/image\/\"}}]}<\/script>\n<!-- \/ Yoast SEO plugin. -->","yoast_head_json":{"title":"Mention L\u00e9gales - La Grande Roche","robots":{"index":"index","follow":"follow","max-snippet":"max-snippet:-1","max-image-preview":"max-image-preview:large","max-video-preview":"max-video-preview:-1"},"canonical":"https:\/\/lagranderoche53.fr\/index.php\/mention-legales\/","og_locale":"fr_FR","og_type":"article","og_title":"Mention L\u00e9gales - La Grande Roche","og_description":"Retour \u00e0 l&rsquo;accueil Mentions l\u00e9gales \u00c9diteur du site Le pr\u00e9sent site est \u00e9dit\u00e9 par :La Grande Roche \u2013 Habitat familial partag\u00e9SARL au capital de 1000\u20acSIRET : 984 283 267 00016Si\u00e8ge social : 1001 La Grande Roche, 53260 Entrammes \u2013 FranceResponsable de la publication : Antoine SoubrierEmail : bienvenue@lagranderoche53.fr H\u00e9bergeur Le site est h\u00e9berg\u00e9 par :OVH2 rue Kellermann \u2013 59100 Roubaix \u2013 Francewww.ovh.com Propri\u00e9t\u00e9 intellectuelle L\u2019ensemble des contenus pr\u00e9sents sur ce site (textes, photographies, logo, etc.) est la propri\u00e9t\u00e9 exclusive de La Grande Roche, sauf mention contraire.Toute reproduction, repr\u00e9sentation, diffusion ou utilisation, totale ou partielle, sans autorisation pr\u00e9alable, est strictement interdite.Une photographie est utilis\u00e9e avec l\u2019aimable autorisation de :&nbsp;Pierre-Bernard Fourny, Inventaire du patrimoine des Pays de la Loire Donn\u00e9es personnelles et cookies Ce site n\u2019enregistre aucune donn\u00e9e personnelle nominative (pas de formulaire de contact ni d&rsquo;inscription). Le site utilise Google Analytics afin de mesurer son audience.Lors de votre navigation, des cookies peuvent \u00eatre d\u00e9pos\u00e9s sur votre terminal. Ces cookies permettent de recueillir des donn\u00e9es statistiques anonymes sur la fr\u00e9quentation du site.Conform\u00e9ment \u00e0 la r\u00e9glementation en vigueur, vous pouvez refuser le d\u00e9p\u00f4t de cookies ou les param\u00e9trer via le bandeau de consentement affich\u00e9 lors de votre premi\u00e8re visite. Droits des utilisateurs Conform\u00e9ment \u00e0 la loi \u00ab Informatique et Libert\u00e9s \u00bb et au R\u00e8glement g\u00e9n\u00e9ral sur la protection des donn\u00e9es (RGPD), vous disposez d\u2019un droit d\u2019acc\u00e8s, de rectification, d\u2019opposition et de suppression des donn\u00e9es vous concernant.Pour toute demande, vous pouvez contacter le responsable de la publication \u00e0 l\u2019adresse suivante : [\u00e0 compl\u00e9ter]. Limitation de responsabilit\u00e9 Les informations publi\u00e9es sur ce site sont fournies \u00e0 titre indicatif et n\u2019ont pas de valeur contractuelle. La Grande Roche ne saurait \u00eatre tenue pour responsable d\u2019\u00e9ventuelles erreurs, omissions ou indisponibilit\u00e9s temporaires.","og_url":"https:\/\/lagranderoche53.fr\/index.php\/mention-legales\/","og_site_name":"La Grande Roche","article_modified_time":"2025-06-11T19:39:37+00:00","og_image":[{"width":2207,"height":1487,"url":"https:\/\/lagranderoche53.fr\/wp-content\/uploads\/2025\/05\/logo-08.png","type":"image\/png"}],"twitter_card":"summary_large_image","twitter_misc":{"Dur\u00e9e de lecture estim\u00e9e":"2 minutes"},"schema":{"@context":"https:\/\/schema.org","@graph":[{"@type":"WebPage","@id":"https:\/\/lagranderoche53.fr\/index.php\/mention-legales\/","url":"https:\/\/lagranderoche53.fr\/index.php\/mention-legales\/","name":"Mention L\u00e9gales - La Grande Roche","isPartOf":{"@id":"https:\/\/lagranderoche53.fr\/#website"},"primaryImageOfPage":{"@id":"https:\/\/lagranderoche53.fr\/index.php\/mention-legales\/#primaryimage"},"image":{"@id":"https:\/\/lagranderoche53.fr\/index.php\/mention-legales\/#primaryimage"},"thumbnailUrl":"https:\/\/lagranderoche53.fr\/wp-content\/uploads\/2025\/05\/logo-08-1024x690.png","datePublished":"2025-06-04T20:23:34+00:00","dateModified":"2025-06-11T19:39:37+00:00","breadcrumb":{"@id":"https:\/\/lagranderoche53.fr\/index.php\/mention-legales\/#breadcrumb"},"inLanguage":"fr-FR","potentialAction":[{"@type":"ReadAction","target":["https:\/\/lagranderoche53.fr\/index.php\/mention-legales\/"]}]},{"@type":"ImageObject","inLanguage":"fr-FR","@id":"https:\/\/lagranderoche53.fr\/index.php\/mention-legales\/#primaryimage","url":"https:\/\/lagranderoche53.fr\/wp-content\/uploads\/2025\/05\/logo-08.png","contentUrl":"https:\/\/lagranderoche53.fr\/wp-content\/uploads\/2025\/05\/logo-08.png","width":2207,"height":1487},{"@type":"BreadcrumbList","@id":"https:\/\/lagranderoche53.fr\/index.php\/mention-legales\/#breadcrumb","itemListElement":[{"@type":"ListItem","position":1,"name":"Accueil","item":"https:\/\/lagranderoche53.fr\/"},{"@type":"ListItem","position":2,"name":"Mention L\u00e9gales"}]},{"@type":"WebSite","@id":"https:\/\/lagranderoche53.fr\/#website","url":"https:\/\/lagranderoche53.fr\/","name":"La Grande Roche","description":"Maison familiale partag\u00e9e","publisher":{"@id":"https:\/\/lagranderoche53.fr\/#organization"},"alternateName":"La Grande Roche","potentialAction":[{"@type":"SearchAction","target":{"@type":"EntryPoint","urlTemplate":"https:\/\/lagranderoche53.fr\/?s={search_term_string}"},"query-input":{"@type":"PropertyValueSpecification","valueRequired":true,"valueName":"search_term_string"}}],"inLanguage":"fr-FR"},{"@type":"Organization","@id":"https:\/\/lagranderoche53.fr\/#organization","name":"Une maison familiale partag\u00e9e","url":"https:\/\/lagranderoche53.fr\/","logo":{"@type":"ImageObject","inLanguage":"fr-FR","@id":"https:\/\/lagranderoche53.fr\/#\/schema\/logo\/image\/","url":"https:\/\/lagranderoche53.fr\/wp-content\/uploads\/2025\/05\/logo-07.png","contentUrl":"https:\/\/lagranderoche53.fr\/wp-content\/uploads\/2025\/05\/logo-07.png","width":2207,"height":1487,"caption":"Une maison familiale partag\u00e9e"},"image":{"@id":"https:\/\/lagranderoche53.fr\/#\/schema\/logo\/image\/"}}]}},"_links":{"self":[{"href":"https:\/\/lagranderoche53.fr\/index.php\/wp-json\/wp\/v2\/pages\/211","targetHints":{"allow":["GET"]}}],"collection":[{"href":"https:\/\/lagranderoche53.fr\/index.php\/wp-json\/wp\/v2\/pages"}],"about":[{"href":"https:\/\/lagranderoche53.fr\/index.php\/wp-json\/wp\/v2\/types\/page"}],"author":[{"embeddable":true,"href":"https:\/\/lagranderoche53.fr\/index.php\/wp-json\/wp\/v2\/users\/1"}],"replies":[{"embeddable":true,"href":"https:\/\/lagranderoche53.fr\/index.php\/wp-json\/wp\/v2\/comments?post=211"}],"version-history":[{"count":16,"href":"https:\/\/lagranderoche53.fr\/index.php\/wp-json\/wp\/v2\/pages\/211\/revisions"}],"predecessor-version":[{"id":259,"href":"https:\/\/lagranderoche53.fr\/index.php\/wp-json\/wp\/v2\/pages\/211\/revisions\/259"}],"wp:attachment":[{"href":"https:\/\/lagranderoche53.fr\/index.php\/wp-json\/wp\/v2\/media?parent=211"}],"curies":[{"name":"wp","href":"https:\/\/api.w.org\/{rel}","templated":true}]}}